{"id":7614,"date":"2023-10-29T16:02:34","date_gmt":"2023-10-29T15:02:34","guid":{"rendered":"https:\/\/kiteforce.cz\/sizilien-unterkunft\/"},"modified":"2025-05-08T10:05:48","modified_gmt":"2025-05-08T08:05:48","slug":"sizilien-unterkunft","status":"publish","type":"page","link":"https:\/\/kiteforce.cz\/de\/sizilien-unterkunft\/","title":{"rendered":"Sizilien Unterkunft"},"content":{"rendered":"\t\t<div data-elementor-type=\"wp-page\" data-elementor-id=\"7614\" class=\"elementor elementor-7614 elementor-4485\" data-elementor-post-type=\"page\">\n\t\t\t\t\t\t<section class=\"has_eae_slider elementor-section elementor-top-section elementor-element elementor-element-302d24b elementor-section-boxed elementor-section-height-default elementor-section-height-default\" data-eae-slider=\"54078\" data-id=\"302d24b\" data-element_type=\"section\" data-e-type=\"section\">\n\t\t\t\t\t\t<div class=\"elementor-container elementor-column-gap-default\">\n\t\t\t\t\t<div class=\"has_eae_slider elementor-column elementor-col-100 elementor-top-column elementor-element elementor-element-a52da5a\" data-eae-slider=\"95133\" data-id=\"a52da5a\" data-element_type=\"column\" data-e-type=\"column\">\n\t\t\t<div class=\"elementor-widget-wrap elementor-element-populated\">\n\t\t\t\t\t\t<div class=\"elementor-element elementor-element-cf62b18 elementor-widget elementor-widget-text-editor\" data-id=\"cf62b18\" data-element_type=\"widget\" data-e-type=\"widget\" data-widget_type=\"text-editor.default\">\n\t\t\t\t<div class=\"elementor-widget-container\">\n\t\t\t\t\t\t\t\t\t<h2>UNTERKUNFT SIZILIEN<\/h2>\t\t\t\t\t\t\t\t<\/div>\n\t\t\t\t<\/div>\n\t\t\t\t\t<\/div>\n\t\t<\/div>\n\t\t\t\t\t<\/div>\n\t\t<\/section>\n\t\t\t\t<section class=\"has_eae_slider elementor-section elementor-top-section elementor-element elementor-element-021c606 elementor-section-boxed elementor-section-height-default elementor-section-height-default\" data-eae-slider=\"65143\" data-id=\"021c606\" data-element_type=\"section\" data-e-type=\"section\">\n\t\t\t\t\t\t<div class=\"elementor-container elementor-column-gap-default\">\n\t\t\t\t\t<div class=\"has_eae_slider elementor-column elementor-col-100 elementor-top-column elementor-element elementor-element-4883fdc\" data-eae-slider=\"6695\" data-id=\"4883fdc\" data-element_type=\"column\" data-e-type=\"column\">\n\t\t\t<div class=\"elementor-widget-wrap elementor-element-populated\">\n\t\t\t\t\t\t<div class=\"elementor-element elementor-element-c1b0f22 elementor-widget elementor-widget-text-editor\" data-id=\"c1b0f22\" data-element_type=\"widget\" data-e-type=\"widget\" data-widget_type=\"text-editor.default\">\n\t\t\t\t<div class=\"elementor-widget-container\">\n\t\t\t\t\t\t\t\t\t<p>Wir bieten bew\u00e4hrte, saubere und funktionale Unterk\u00fcnfte. Wir garantieren f\u00fcr die Qualit\u00e4t. Als Teil der Unterkunft hast du einen kostenlosen Transfer vom\/zum Flughafen Trapani und vom Flughafen Palermo gibt es einen Transfer mit einem kleinen Auto f\u00fcr 80 Euro und mit einem gro\u00dfen Auto (normalerweise 4 oder mehr Personen) f\u00fcr 120 Euro (eine Fahrt).<\/p>\t\t\t\t\t\t\t\t<\/div>\n\t\t\t\t<\/div>\n\t\t\t\t\t<\/div>\n\t\t<\/div>\n\t\t\t\t\t<\/div>\n\t\t<\/section>\n\t\t\t\t<section class=\"has_eae_slider elementor-section elementor-top-section elementor-element elementor-element-d7c92c5 elementor-section-boxed elementor-section-height-default elementor-section-height-default\" data-eae-slider=\"88701\" data-id=\"d7c92c5\" data-element_type=\"section\" data-e-type=\"section\">\n\t\t\t\t\t\t<div class=\"elementor-container elementor-column-gap-default\">\n\t\t\t\t\t<div class=\"has_eae_slider elementor-column elementor-col-25 elementor-top-column elementor-element elementor-element-4d5a26c\" data-eae-slider=\"71778\" data-id=\"4d5a26c\" data-element_type=\"column\" data-e-type=\"column\">\n\t\t\t<div class=\"elementor-widget-wrap elementor-element-populated\">\n\t\t\t\t\t\t<div class=\"elementor-element elementor-element-d30ac0f elementor-widget elementor-widget-image\" data-id=\"d30ac0f\" data-element_type=\"widget\" data-e-type=\"widget\" data-widget_type=\"image.default\">\n\t\t\t\t<div class=\"elementor-widget-container\">\n\t\t\t\t\t\t\t\t\t\t\t\t\t\t\t<img decoding=\"async\" width=\"150\" height=\"150\" src=\"https:\/\/kiteforce.cz\/wp-content\/uploads\/2022\/03\/7504936-150x150.jpg\" class=\"attachment-thumbnail size-thumbnail wp-image-6792\" alt=\"\">\t\t\t\t\t\t\t\t\t\t\t\t\t\t\t<\/div>\n\t\t\t\t<\/div>\n\t\t\t\t<section class=\"has_eae_slider elementor-section elementor-inner-section elementor-element elementor-element-8c46c02 elementor-section-boxed elementor-section-height-default elementor-section-height-default\" data-eae-slider=\"91357\" data-id=\"8c46c02\" data-element_type=\"section\" data-e-type=\"section\">\n\t\t\t\t\t\t<div class=\"elementor-container elementor-column-gap-default\">\n\t\t\t\t\t<div class=\"has_eae_slider elementor-column elementor-col-100 elementor-inner-column elementor-element elementor-element-51fe781\" data-eae-slider=\"45278\" data-id=\"51fe781\" data-element_type=\"column\" data-e-type=\"column\">\n\t\t\t<div class=\"elementor-widget-wrap elementor-element-populated\">\n\t\t\t\t\t\t<div class=\"elementor-element elementor-element-2ebfdbe elementor-widget elementor-widget-heading\" data-id=\"2ebfdbe\" data-element_type=\"widget\" data-e-type=\"widget\" data-widget_type=\"heading.default\">\n\t\t\t\t<div class=\"elementor-widget-container\">\n\t\t\t\t\t<h3 class=\"elementor-heading-title elementor-size-default\"><a href=\"http:\/\/kiteforce.cz\/villa-kiteforce\/\">Villa Kiteforce<\/a><\/h3>\t\t\t\t<\/div>\n\t\t\t\t<\/div>\n\t\t\t\t<div class=\"elementor-element elementor-element-c24ae97 elementor-widget elementor-widget-text-editor\" data-id=\"c24ae97\" data-element_type=\"widget\" data-e-type=\"widget\" data-widget_type=\"text-editor.default\">\n\t\t\t\t<div class=\"elementor-widget-container\">\n\t\t\t\t\t\t\t\t\t<ul><li>2 Wohnungen<\/li><li>4 Schlafzimmer<\/li><li>4 B\u00e4der<\/li><li>2 K\u00fcchen<\/li><li>Garten, Barbecues<\/li><li>250m von der Basis<\/li><li>direkt am Meer<\/li><li>ab 50 Euro pro Person\/Nacht<\/li><li>Ganze Villa ab 320 Euro pro Nacht<\/li><\/ul>\t\t\t\t\t\t\t\t<\/div>\n\t\t\t\t<\/div>\n\t\t\t\t\t<\/div>\n\t\t<\/div>\n\t\t\t\t\t<\/div>\n\t\t<\/section>\n\t\t\t\t\t<\/div>\n\t\t<\/div>\n\t\t\t\t<div class=\"has_eae_slider elementor-column elementor-col-25 elementor-top-column elementor-element elementor-element-0198a2a\" data-eae-slider=\"29665\" data-id=\"0198a2a\" data-element_type=\"column\" data-e-type=\"column\">\n\t\t\t<div class=\"elementor-widget-wrap elementor-element-populated\">\n\t\t\t\t\t\t<div class=\"elementor-element elementor-element-a3b2cc8 elementor-widget elementor-widget-image\" data-id=\"a3b2cc8\" data-element_type=\"widget\" data-e-type=\"widget\" data-widget_type=\"image.default\">\n\t\t\t\t<div class=\"elementor-widget-container\">\n\t\t\t\t\t\t\t\t\t\t\t\t\t\t\t<img decoding=\"async\" width=\"150\" height=\"150\" src=\"https:\/\/kiteforce.cz\/wp-content\/uploads\/2023\/10\/linda_house_kite-150x150.jpg\" class=\"attachment-thumbnail size-thumbnail wp-image-7572\" alt=\"\" srcset=\"https:\/\/kiteforce.cz\/wp-content\/uploads\/2023\/10\/linda_house_kite-150x150.jpg 150w, https:\/\/kiteforce.cz\/wp-content\/uploads\/2023\/10\/linda_house_kite-600x600.jpg 600w\" sizes=\"(max-width: 150px) 100vw, 150px\">\t\t\t\t\t\t\t\t\t\t\t\t\t\t\t<\/div>\n\t\t\t\t<\/div>\n\t\t\t\t<section class=\"has_eae_slider elementor-section elementor-inner-section elementor-element elementor-element-6739dc0 elementor-section-boxed elementor-section-height-default elementor-section-height-default\" data-eae-slider=\"44096\" data-id=\"6739dc0\" data-element_type=\"section\" data-e-type=\"section\">\n\t\t\t\t\t\t<div class=\"elementor-container elementor-column-gap-default\">\n\t\t\t\t\t<div class=\"has_eae_slider elementor-column elementor-col-100 elementor-inner-column elementor-element elementor-element-91bf470\" data-eae-slider=\"86980\" data-id=\"91bf470\" data-element_type=\"column\" data-e-type=\"column\">\n\t\t\t<div class=\"elementor-widget-wrap elementor-element-populated\">\n\t\t\t\t\t\t<div class=\"elementor-element elementor-element-c508727 elementor-widget elementor-widget-heading\" data-id=\"c508727\" data-element_type=\"widget\" data-e-type=\"widget\" data-widget_type=\"heading.default\">\n\t\t\t\t<div class=\"elementor-widget-container\">\n\t\t\t\t\t<h3 class=\"elementor-heading-title elementor-size-default\"><a href=\"http:\/\/kiteforce.cz\/apartments-linda\/\">wohnung linda<\/a><\/h3>\t\t\t\t<\/div>\n\t\t\t\t<\/div>\n\t\t\t\t<div class=\"elementor-element elementor-element-04ea85c elementor-widget elementor-widget-text-editor\" data-id=\"04ea85c\" data-element_type=\"widget\" data-e-type=\"widget\" data-widget_type=\"text-editor.default\">\n\t\t\t\t<div class=\"elementor-widget-container\">\n\t\t\t\t\t\t\t\t\t<ul><li>2 &#8211; 4 Personen<\/li><li>1 Badezimmer<\/li><li>direkt am Wasser<\/li><li>K\u00fcchen<\/li><li>150m von der Basis<\/li><li>direkt am Meer<\/li><li>ab 45 Euro pro Person\/Nacht<\/li><\/ul>\t\t\t\t\t\t\t\t<\/div>\n\t\t\t\t<\/div>\n\t\t\t\t\t<\/div>\n\t\t<\/div>\n\t\t\t\t\t<\/div>\n\t\t<\/section>\n\t\t\t\t\t<\/div>\n\t\t<\/div>\n\t\t\t\t<div class=\"has_eae_slider elementor-column elementor-col-25 elementor-top-column elementor-element elementor-element-e7395a1\" data-eae-slider=\"41783\" data-id=\"e7395a1\" data-element_type=\"column\" data-e-type=\"column\">\n\t\t\t<div class=\"elementor-widget-wrap elementor-element-populated\">\n\t\t\t\t\t\t<div class=\"elementor-element elementor-element-6ed36db elementor-widget elementor-widget-image\" data-id=\"6ed36db\" data-element_type=\"widget\" data-e-type=\"widget\" data-widget_type=\"image.default\">\n\t\t\t\t<div class=\"elementor-widget-container\">\n\t\t\t\t\t\t\t\t\t\t\t\t\t\t\t<img decoding=\"async\" width=\"150\" height=\"150\" src=\"https:\/\/kiteforce.cz\/wp-content\/uploads\/2022\/04\/07-150x150.jpg\" class=\"attachment-thumbnail size-thumbnail wp-image-6904\" alt=\"\">\t\t\t\t\t\t\t\t\t\t\t\t\t\t\t<\/div>\n\t\t\t\t<\/div>\n\t\t\t\t<section class=\"has_eae_slider elementor-section elementor-inner-section elementor-element elementor-element-28ebe34 elementor-section-boxed elementor-section-height-default elementor-section-height-default\" data-eae-slider=\"88457\" data-id=\"28ebe34\" data-element_type=\"section\" data-e-type=\"section\">\n\t\t\t\t\t\t<div class=\"elementor-container elementor-column-gap-default\">\n\t\t\t\t\t<div class=\"has_eae_slider elementor-column elementor-col-100 elementor-inner-column elementor-element elementor-element-f5cff76\" data-eae-slider=\"29927\" data-id=\"f5cff76\" data-element_type=\"column\" data-e-type=\"column\">\n\t\t\t<div class=\"elementor-widget-wrap elementor-element-populated\">\n\t\t\t\t\t\t<div class=\"elementor-element elementor-element-fff7ac4 elementor-widget elementor-widget-heading\" data-id=\"fff7ac4\" data-element_type=\"widget\" data-e-type=\"widget\" data-widget_type=\"heading.default\">\n\t\t\t\t<div class=\"elementor-widget-container\">\n\t\t\t\t\t<h3 class=\"elementor-heading-title elementor-size-default\"><a href=\"https:\/\/kiteforce.cz\/de\/hostel-zen\/\">ZEN-Herberge<\/a><\/h3>\t\t\t\t<\/div>\n\t\t\t\t<\/div>\n\t\t\t\t<div class=\"elementor-element elementor-element-decda7a elementor-widget elementor-widget-text-editor\" data-id=\"decda7a\" data-element_type=\"widget\" data-e-type=\"widget\" data-widget_type=\"text-editor.default\">\n\t\t\t\t<div class=\"elementor-widget-container\">\n\t\t\t\t\t\t\t\t\t<ul>\n<li>2 &#8211; 4 Bettzimmer<\/li>\n<li>max. Kapazit\u00e4t 10 Personen<\/li>\n<li>2 B\u00e4der<\/li>\n<li>Lounge<\/li>\n<li>Gro\u00dfk\u00fcchen<\/li>\n<li>.<\/li>\n<li>einen kurzen Spaziergang von Caf\u00e9s und Gesch\u00e4ften entfernt<\/li>\n<li>ab 40 Euro pro Person\/Nacht<\/li>\n<\/ul>\t\t\t\t\t\t\t\t<\/div>\n\t\t\t\t<\/div>\n\t\t\t\t\t<\/div>\n\t\t<\/div>\n\t\t\t\t\t<\/div>\n\t\t<\/section>\n\t\t\t\t\t<\/div>\n\t\t<\/div>\n\t\t\t\t<div class=\"has_eae_slider elementor-column elementor-col-25 elementor-top-column elementor-element elementor-element-0f1c3eb\" data-eae-slider=\"14697\" data-id=\"0f1c3eb\" data-element_type=\"column\" data-e-type=\"column\">\n\t\t\t<div class=\"elementor-widget-wrap elementor-element-populated\">\n\t\t\t\t\t\t<div class=\"elementor-element elementor-element-528559a elementor-widget elementor-widget-image\" data-id=\"528559a\" data-element_type=\"widget\" data-e-type=\"widget\" data-widget_type=\"image.default\">\n\t\t\t\t<div class=\"elementor-widget-container\">\n\t\t\t\t\t\t\t\t\t\t\t\t\t\t\t<img loading=\"lazy\" decoding=\"async\" width=\"150\" height=\"150\" src=\"https:\/\/kiteforce.cz\/wp-content\/uploads\/2023\/10\/byt-s-terasou_01-150x150.jpeg\" class=\"attachment-thumbnail size-thumbnail wp-image-7574\" alt=\"\" srcset=\"https:\/\/kiteforce.cz\/wp-content\/uploads\/2023\/10\/byt-s-terasou_01-150x150.jpeg 150w, https:\/\/kiteforce.cz\/wp-content\/uploads\/2023\/10\/byt-s-terasou_01-600x600.jpeg 600w\" sizes=\"(max-width: 150px) 100vw, 150px\">\t\t\t\t\t\t\t\t\t\t\t\t\t\t\t<\/div>\n\t\t\t\t<\/div>\n\t\t\t\t<section class=\"has_eae_slider elementor-section elementor-inner-section elementor-element elementor-element-c4be3d3 elementor-section-boxed elementor-section-height-default elementor-section-height-default\" data-eae-slider=\"85872\" data-id=\"c4be3d3\" data-element_type=\"section\" data-e-type=\"section\">\n\t\t\t\t\t\t<div class=\"elementor-container elementor-column-gap-default\">\n\t\t\t\t\t<div class=\"has_eae_slider elementor-column elementor-col-100 elementor-inner-column elementor-element elementor-element-4d86d7b\" data-eae-slider=\"33641\" data-id=\"4d86d7b\" data-element_type=\"column\" data-e-type=\"column\">\n\t\t\t<div class=\"elementor-widget-wrap elementor-element-populated\">\n\t\t\t\t\t\t<div class=\"elementor-element elementor-element-cb4bfa8 elementor-widget elementor-widget-heading\" data-id=\"cb4bfa8\" data-element_type=\"widget\" data-e-type=\"widget\" data-widget_type=\"heading.default\">\n\t\t\t\t<div class=\"elementor-widget-container\">\n\t\t\t\t\t<h3 class=\"elementor-heading-title elementor-size-default\"><a href=\"http:\/\/kiteforce.com\/wohnung-mit-terrasse-in-san-leonardo\/\" target=\"_blank\" rel=\"noopener\">Wohnung mit Terrasse<\/a><\/h3>\t\t\t\t<\/div>\n\t\t\t\t<\/div>\n\t\t\t\t<div class=\"elementor-element elementor-element-a399a44 elementor-widget elementor-widget-text-editor\" data-id=\"a399a44\" data-element_type=\"widget\" data-e-type=\"widget\" data-widget_type=\"text-editor.default\">\n\t\t\t\t<div class=\"elementor-widget-container\">\n\t\t\t\t\t\t\t\t\t<ul><li>maximal 4 Personen<\/li><li>gro\u00dfe Terrasse<\/li><li>Badezimmer<\/li><li>K\u00fcche<\/li><li>gro\u00dfer Flur f\u00fcr Habseligkeiten<\/li><li>einen kurzen Spaziergang von Caf\u00e9s und Gesch\u00e4ften entfernt<\/li><li>ganze Wohnung ab 100 Euro pro Nacht<\/li><\/ul>\t\t\t\t\t\t\t\t<\/div>\n\t\t\t\t<\/div>\n\t\t\t\t\t<\/div>\n\t\t<\/div>\n\t\t\t\t\t<\/div>\n\t\t<\/section>\n\t\t\t\t\t<\/div>\n\t\t<\/div>\n\t\t\t\t\t<\/div>\n\t\t<\/section>\n\t\t\t\t<section class=\"has_eae_slider elementor-section elementor-top-section elementor-element elementor-element-0f64da1 elementor-section-boxed elementor-section-height-default elementor-section-height-default\" data-eae-slider=\"50907\" data-id=\"0f64da1\" data-element_type=\"section\" data-e-type=\"section\">\n\t\t\t\t\t\t<div class=\"elementor-container elementor-column-gap-default\">\n\t\t\t\t\t<div class=\"has_eae_slider elementor-column elementor-col-25 elementor-top-column elementor-element elementor-element-d87d5b0\" data-eae-slider=\"52419\" data-id=\"d87d5b0\" data-element_type=\"column\" data-e-type=\"column\">\n\t\t\t<div class=\"elementor-widget-wrap elementor-element-populated\">\n\t\t\t\t\t\t<div class=\"elementor-element elementor-element-b785a86 elementor-align-center elementor-tablet-align-center kurz elementor-widget elementor-widget-button\" data-id=\"b785a86\" data-element_type=\"widget\" data-e-type=\"widget\" data-widget_type=\"button.default\">\n\t\t\t\t<div class=\"elementor-widget-container\">\n\t\t\t\t\t\t\t\t\t<div class=\"elementor-button-wrapper\">\n\t\t\t\t\t<a class=\"elementor-button elementor-button-link elementor-size-md\" href=\"https:\/\/kiteforce.cz\/de\/villa-kiteforce\/\">\n\t\t\t\t\t\t<span class=\"elementor-button-content-wrapper\">\n\t\t\t\t\t\t\t\t\t<span class=\"elementor-button-text\">mehr Infos<\/span>\n\t\t\t\t\t<\/span>\n\t\t\t\t\t<\/a>\n\t\t\t\t<\/div>\n\t\t\t\t\t\t\t\t<\/div>\n\t\t\t\t<\/div>\n\t\t\t\t\t<\/div>\n\t\t<\/div>\n\t\t\t\t<div class=\"has_eae_slider elementor-column elementor-col-25 elementor-top-column elementor-element elementor-element-45e33dd\" data-eae-slider=\"96514\" data-id=\"45e33dd\" data-element_type=\"column\" data-e-type=\"column\">\n\t\t\t<div class=\"elementor-widget-wrap elementor-element-populated\">\n\t\t\t\t\t\t<div class=\"elementor-element elementor-element-36eabe9 elementor-align-center elementor-tablet-align-center kurz elementor-widget elementor-widget-button\" data-id=\"36eabe9\" data-element_type=\"widget\" data-e-type=\"widget\" data-widget_type=\"button.default\">\n\t\t\t\t<div class=\"elementor-widget-container\">\n\t\t\t\t\t\t\t\t\t<div class=\"elementor-button-wrapper\">\n\t\t\t\t\t<a class=\"elementor-button elementor-button-link elementor-size-md\" href=\"http:\/\/kiteforce.cz\/apartments-linda\/\">\n\t\t\t\t\t\t<span class=\"elementor-button-content-wrapper\">\n\t\t\t\t\t\t\t\t\t<span class=\"elementor-button-text\">mehr Infos<\/span>\n\t\t\t\t\t<\/span>\n\t\t\t\t\t<\/a>\n\t\t\t\t<\/div>\n\t\t\t\t\t\t\t\t<\/div>\n\t\t\t\t<\/div>\n\t\t\t\t\t<\/div>\n\t\t<\/div>\n\t\t\t\t<div class=\"has_eae_slider elementor-column elementor-col-25 elementor-top-column elementor-element elementor-element-58f4260\" data-eae-slider=\"91116\" data-id=\"58f4260\" data-element_type=\"column\" data-e-type=\"column\">\n\t\t\t<div class=\"elementor-widget-wrap elementor-element-populated\">\n\t\t\t\t\t\t<div class=\"elementor-element elementor-element-8712459 elementor-align-center elementor-tablet-align-center kurz elementor-widget elementor-widget-button\" data-id=\"8712459\" data-element_type=\"widget\" data-e-type=\"widget\" data-widget_type=\"button.default\">\n\t\t\t\t<div class=\"elementor-widget-container\">\n\t\t\t\t\t\t\t\t\t<div class=\"elementor-button-wrapper\">\n\t\t\t\t\t<a class=\"elementor-button elementor-button-link elementor-size-md\" href=\"https:\/\/kiteforce.cz\/de\/hostel-zen\/\">\n\t\t\t\t\t\t<span class=\"elementor-button-content-wrapper\">\n\t\t\t\t\t\t\t\t\t<span class=\"elementor-button-text\">mehr Infos<\/span>\n\t\t\t\t\t<\/span>\n\t\t\t\t\t<\/a>\n\t\t\t\t<\/div>\n\t\t\t\t\t\t\t\t<\/div>\n\t\t\t\t<\/div>\n\t\t\t\t\t<\/div>\n\t\t<\/div>\n\t\t\t\t<div class=\"has_eae_slider elementor-column elementor-col-25 elementor-top-column elementor-element elementor-element-56134bd\" data-eae-slider=\"91804\" data-id=\"56134bd\" data-element_type=\"column\" data-e-type=\"column\">\n\t\t\t<div class=\"elementor-widget-wrap elementor-element-populated\">\n\t\t\t\t\t\t<div class=\"elementor-element elementor-element-f94d774 elementor-align-center elementor-tablet-align-center kurz elementor-widget elementor-widget-button\" data-id=\"f94d774\" data-element_type=\"widget\" data-e-type=\"widget\" data-widget_type=\"button.default\">\n\t\t\t\t<div class=\"elementor-widget-container\">\n\t\t\t\t\t\t\t\t\t<div class=\"elementor-button-wrapper\">\n\t\t\t\t\t<a class=\"elementor-button elementor-button-link elementor-size-md\" href=\"http:\/\/kiteforce.com\/wohnung-mit-terrasse-in-san-leonardo\/\" target=\"_blank\" rel=\"noopener\">\n\t\t\t\t\t\t<span class=\"elementor-button-content-wrapper\">\n\t\t\t\t\t\t\t\t\t<span class=\"elementor-button-text\">mehr Infos<\/span>\n\t\t\t\t\t<\/span>\n\t\t\t\t\t<\/a>\n\t\t\t\t<\/div>\n\t\t\t\t\t\t\t\t<\/div>\n\t\t\t\t<\/div>\n\t\t\t\t\t<\/div>\n\t\t<\/div>\n\t\t\t\t\t<\/div>\n\t\t<\/section>\n\t\t\t\t<\/div>\n\t\t","protected":false},"excerpt":{"rendered":"<p>UNTERKUNFT SIZILIEN Wir bieten bew\u00e4hrte, saubere und funktionale Unterk\u00fcnfte. Wir garantieren f\u00fcr die Qualit\u00e4t. Als Teil der Unterkunft hast du einen kostenlosen Transfer vom\/zum Flughafen Trapani und vom Flughafen Palermo gibt es einen Transfer mit einem kleinen Auto f\u00fcr 80 Euro und mit einem gro\u00dfen Auto (normalerweise 4 oder mehr Personen) f\u00fcr 120 Euro (eine [&hellip;]<\/p>\n","protected":false},"author":2,"featured_media":0,"parent":0,"menu_order":0,"comment_status":"closed","ping_status":"closed","template":"","meta":{"inline_featured_image":false,"ocean_post_layout":"","ocean_both_sidebars_style":"","ocean_both_sidebars_content_width":0,"ocean_both_sidebars_sidebars_width":0,"ocean_sidebar":"","ocean_second_sidebar":"","ocean_disable_margins":"enable","ocean_add_body_class":"","ocean_shortcode_before_top_bar":"","ocean_shortcode_after_top_bar":"","ocean_shortcode_before_header":"","ocean_shortcode_after_header":"","ocean_has_shortcode":"","ocean_shortcode_after_title":"","ocean_shortcode_before_footer_widgets":"","ocean_shortcode_after_footer_widgets":"","ocean_shortcode_before_footer_bottom":"","ocean_shortcode_after_footer_bottom":"","ocean_display_top_bar":"default","ocean_display_header":"default","ocean_header_style":"","ocean_center_header_left_menu":"","ocean_custom_header_template":"","ocean_custom_logo":0,"ocean_custom_retina_logo":0,"ocean_custom_logo_max_width":0,"ocean_custom_logo_tablet_max_width":0,"ocean_custom_logo_mobile_max_width":0,"ocean_custom_logo_max_height":0,"ocean_custom_logo_tablet_max_height":0,"ocean_custom_logo_mobile_max_height":0,"ocean_header_custom_menu":"","ocean_menu_typo_font_family":"","ocean_menu_typo_font_subset":"","ocean_menu_typo_font_size":0,"ocean_menu_typo_font_size_tablet":0,"ocean_menu_typo_font_size_mobile":0,"ocean_menu_typo_font_size_unit":"px","ocean_menu_typo_font_weight":"","ocean_menu_typo_font_weight_tablet":"","ocean_menu_typo_font_weight_mobile":"","ocean_menu_typo_transform":"","ocean_menu_typo_transform_tablet":"","ocean_menu_typo_transform_mobile":"","ocean_menu_typo_line_height":0,"ocean_menu_typo_line_height_tablet":0,"ocean_menu_typo_line_height_mobile":0,"ocean_menu_typo_line_height_unit":"","ocean_menu_typo_spacing":0,"ocean_menu_typo_spacing_tablet":0,"ocean_menu_typo_spacing_mobile":0,"ocean_menu_typo_spacing_unit":"","ocean_menu_link_color":"","ocean_menu_link_color_hover":"","ocean_menu_link_color_active":"","ocean_menu_link_background":"","ocean_menu_link_hover_background":"","ocean_menu_link_active_background":"","ocean_menu_social_links_bg":"","ocean_menu_social_hover_links_bg":"","ocean_menu_social_links_color":"","ocean_menu_social_hover_links_color":"","ocean_disable_title":"default","ocean_disable_heading":"default","ocean_post_title":"","ocean_post_subheading":"","ocean_post_title_style":"","ocean_post_title_background_color":"","ocean_post_title_background":0,"ocean_post_title_bg_image_position":"","ocean_post_title_bg_image_attachment":"","ocean_post_title_bg_image_repeat":"","ocean_post_title_bg_image_size":"","ocean_post_title_height":0,"ocean_post_title_bg_overlay":0.5,"ocean_post_title_bg_overlay_color":"","ocean_disable_breadcrumbs":"default","ocean_breadcrumbs_color":"","ocean_breadcrumbs_separator_color":"","ocean_breadcrumbs_links_color":"","ocean_breadcrumbs_links_hover_color":"","ocean_display_footer_widgets":"default","ocean_display_footer_bottom":"default","ocean_custom_footer_template":"","footnotes":""},"class_list":["post-7614","page","type-page","status-publish","hentry","entry"],"_links":{"self":[{"href":"https:\/\/kiteforce.cz\/de\/wp-json\/wp\/v2\/pages\/7614","targetHints":{"allow":["GET"]}}],"collection":[{"href":"https:\/\/kiteforce.cz\/de\/wp-json\/wp\/v2\/pages"}],"about":[{"href":"https:\/\/kiteforce.cz\/de\/wp-json\/wp\/v2\/types\/page"}],"author":[{"embeddable":true,"href":"https:\/\/kiteforce.cz\/de\/wp-json\/wp\/v2\/users\/2"}],"replies":[{"embeddable":true,"href":"https:\/\/kiteforce.cz\/de\/wp-json\/wp\/v2\/comments?post=7614"}],"version-history":[{"count":5,"href":"https:\/\/kiteforce.cz\/de\/wp-json\/wp\/v2\/pages\/7614\/revisions"}],"predecessor-version":[{"id":10226,"href":"https:\/\/kiteforce.cz\/de\/wp-json\/wp\/v2\/pages\/7614\/revisions\/10226"}],"wp:attachment":[{"href":"https:\/\/kiteforce.cz\/de\/wp-json\/wp\/v2\/media?parent=7614"}],"curies":[{"name":"wp","href":"https:\/\/api.w.org\/{rel}","templated":true}]}}